{"id":375,"date":"2024-04-22T09:22:32","date_gmt":"2024-04-22T07:22:32","guid":{"rendered":"https:\/\/axiphen.se\/axiphen\/"},"modified":"2024-06-19T15:52:55","modified_gmt":"2024-06-19T13:52:55","slug":"axiphen","status":"publish","type":"page","link":"https:\/\/axiphen.com\/pt-br\/","title":{"rendered":"aXiphen"},"content":{"rendered":"<p>[et_pb_section fb_built=&#8221;1&#8243; fullwidth=&#8221;on&#8221; _builder_version=&#8221;4.24.3&#8243; _module_preset=&#8221;default&#8221; global_colors_info=&#8221;{}&#8221;][et_pb_fullwidth_header _builder_version=&#8221;4.24.3&#8243; _module_preset=&#8221;default&#8221; title_font=&#8221;Poppins|500|||||||&#8221; title_text_color=&#8221;#429461&#8243; title_font_size=&#8221;41px&#8221; content_font=&#8221;Poppins|300|||||||&#8221; content_text_color=&#8221;#429461&#8243; content_font_size=&#8221;29px&#8221; content_line_height=&#8221;1.1em&#8221; subhead_font_size=&#8221;43px&#8221; background_image=&#8221;https:\/\/axiphen.com\/wp-content\/uploads\/2024\/04\/axiphen_landingpage_header_new_240417-scaled.jpg&#8221; min_height=&#8221;723px&#8221; custom_padding=&#8221;68px||0px|||&#8221; title_text_color_tablet=&#8221;#429461&#8243; title_text_color_phone=&#8221;#429461&#8243; title_text_color_last_edited=&#8221;on|desktop&#8221; content_text_align_tablet=&#8221;&#8221; content_text_align_phone=&#8221;&#8221; content_text_align_last_edited=&#8221;on|desktop&#8221; content_text_color_tablet=&#8221;#429461&#8243; content_text_color_phone=&#8221;#429461&#8243; content_text_color_last_edited=&#8221;on|phone&#8221; subhead_font_tablet=&#8221;&#8221; subhead_font_phone=&#8221;&#8221; subhead_font_last_edited=&#8221;on|desktop&#8221; background_last_edited=&#8221;on|desktop&#8221; background_size_phone=&#8221;cover&#8221; background_position_phone=&#8221;center_right&#8221; background_horizontal_offset_phone=&#8221;28%&#8221; background_vertical_offset_phone=&#8221;3%&#8221; background_layout_tablet=&#8221;&#8221; background_layout_phone=&#8221;&#8221; background_layout_last_edited=&#8221;on|phone&#8221; global_colors_info=&#8221;{}&#8221;]<\/p>\n<h1 style=\"text-align: center;\"><\/h1>\n<h1 style=\"text-align: center;\"><\/h1>\n<h1 style=\"text-align: center;\"><\/h1>\n<h1 style=\"text-align: center;\"><\/h1>\n<h1 style=\"text-align: center;\"><\/h1>\n<h1 style=\"text-align: center;\"><\/h1>\n<h1 style=\"text-align: center;\"><\/h1>\n<h1 style=\"text-align: center;\"><\/h1>\n<h1 style=\"text-align: center;\"><\/h1>\n<h1 style=\"text-align: center;\"><\/h1>\n<h1 style=\"text-align: center;\"><\/h1>\n<h1 style=\"text-align: center;\"><\/h1>\n<h1 style=\"text-align: center;\"><\/h1>\n<h1 style=\"text-align: center;\"><\/h1>\n<h1 style=\"text-align: center;\"><\/h1>\n<h1 style=\"text-align: center;\"><\/h1>\n<h1 style=\"text-align: center;\"><\/h1>\n<h1 style=\"text-align: center;\"><\/h1>\n<p>&nbsp;<\/p>\n<p>&nbsp;<\/p>\n<h1 style=\"text-align: center;\"><span style=\"font-size: xx-large;\">O futuro da sa\u00fade<\/span><\/h1>\n<p style=\"text-align: center;\"><span style=\"font-size: x-large;\">aXiphen\u00ae \u2013 Solu\u00e7\u00e3o natural para a avicultura<\/span><\/p>\n<p>[\/et_pb_fullwidth_header][\/et_pb_section][et_pb_section fb_built=&#8221;1&#8243; _builder_version=&#8221;4.24.3&#8243; _module_preset=&#8221;default&#8221; min_height=&#8221;303px&#8221; custom_margin=&#8221;-58px|||||&#8221; global_colors_info=&#8221;{}&#8221;][et_pb_row _builder_version=&#8221;4.24.3&#8243; _module_preset=&#8221;default&#8221; global_colors_info=&#8221;{}&#8221;][et_pb_column type=&#8221;4_4&#8243; _builder_version=&#8221;4.24.3&#8243; _module_preset=&#8221;default&#8221; global_colors_info=&#8221;{}&#8221;][et_pb_text _builder_version=&#8221;4.24.3&#8243; _module_preset=&#8221;default&#8221; text_text_color=&#8221;#000000&#8243; text_font_size=&#8221;18px&#8221; text_line_height=&#8221;1.8em&#8221; custom_padding=&#8221;0px|||||&#8221; global_colors_info=&#8221;{}&#8221;]<\/p>\n<p style=\"text-align: center;\"><span style=\"font-size: large;\">O aXiphen\u00ae \u00e9 o futuro da sa\u00fade animal para o produtor que busca garantir uma cadeia de valor sustent\u00e1vel, \u00e9tica e eficaz, da granja at\u00e9 a mesa. Apoiado por uma extensa pesquisa, o aXiphen\u00ae representa o caminho para uma transi\u00e7\u00e3o rumo a uma produ\u00e7\u00e3o mais eficiente e sustent\u00e1vel, sem antibi\u00f3ticos e livre de salmonela.<\/span><\/p>\n<p>[\/et_pb_text][\/et_pb_column][\/et_pb_row][et_pb_row column_structure=&#8221;1_2,1_2&#8243; _builder_version=&#8221;4.24.3&#8243; _module_preset=&#8221;default&#8221; global_colors_info=&#8221;{}&#8221;][et_pb_column type=&#8221;1_2&#8243; _builder_version=&#8221;4.24.3&#8243; _module_preset=&#8221;default&#8221; global_colors_info=&#8221;{}&#8221;][et_pb_text _builder_version=&#8221;4.24.3&#8243; _module_preset=&#8221;default&#8221; text_text_color=&#8221;#000000&#8243; text_line_height=&#8221;2em&#8221; header_2_font=&#8221;Poppins|300|||||||&#8221; header_2_font_size=&#8221;29px&#8221; global_colors_info=&#8221;{}&#8221;]<\/p>\n<h2><span style=\"font-size: x-large; color: #429460;\">Capsaicina vs. Fenilcapsaicina<\/span><\/h2>\n<p><span style=\"font-size: large;\">Os benef\u00edcios da pimenta para a sa\u00fade, com seu ingrediente ativo capsaicina, s\u00e3o comprovados pela ci\u00eancia. O ingrediente ativo do aXiphen\u00ae, a fenilcapsaicina, combina o grupo fenil, que ocorre naturalmente com a capsaicina, unidos por uma liga\u00e7\u00e3o tripla, resultando em um an\u00e1logo natural inovador da capsaicina para melhorar a sa\u00fade das aves de forma natural. A fenilcapsaicina tamb\u00e9m tem propriedades \u00fanicas e patenteadas como inibidor de salmonela, tornando-a extremamente interessante para a produ\u00e7\u00e3o av\u00edcola.<\/span><\/p>\n<p>[\/et_pb_text][et_pb_button button_url=&#8221;https:\/\/axiphen.com\/pt-br\/ciencia\/&#8221; button_text=&#8221;Saiba mais sobre a nossa ci\u00eancia&#8221; _builder_version=&#8221;4.24.3&#8243; _module_preset=&#8221;default&#8221; custom_button=&#8221;on&#8221; button_text_size=&#8221;14px&#8221; button_text_color=&#8221;#429460&#8243; button_bg_color=&#8221;RGBA(255,255,255,0)&#8221; button_border_width=&#8221;1px&#8221; button_border_radius=&#8221;68px&#8221; button_font=&#8221;Poppins||||||||&#8221; global_colors_info=&#8221;{}&#8221;][\/et_pb_button][\/et_pb_column][et_pb_column type=&#8221;1_2&#8243; _builder_version=&#8221;4.24.3&#8243; _module_preset=&#8221;default&#8221; global_colors_info=&#8221;{}&#8221;][et_pb_image src=&#8221;https:\/\/axiphen.com\/wp-content\/uploads\/2024\/04\/Skarmavbild-2024-04-22-kl.-10.26.44.png&#8221; title_text=&#8221;Sk\u00e4rmavbild 2024-04-22 kl. 10.26.44&#8243; _builder_version=&#8221;4.24.3&#8243; _module_preset=&#8221;default&#8221; global_colors_info=&#8221;{}&#8221;][\/et_pb_image][\/et_pb_column][\/et_pb_row][\/et_pb_section][et_pb_section fb_built=&#8221;1&#8243; _builder_version=&#8221;4.24.3&#8243; _module_preset=&#8221;default&#8221; custom_margin=&#8221;-189px|||||&#8221; custom_padding=&#8221;154px||27px|||&#8221; global_colors_info=&#8221;{}&#8221;][et_pb_row column_structure=&#8221;1_4,1_4,1_4,1_4&#8243; _builder_version=&#8221;4.24.3&#8243; _module_preset=&#8221;default&#8221; global_colors_info=&#8221;{}&#8221;][et_pb_column type=&#8221;1_4&#8243; _builder_version=&#8221;4.24.3&#8243; _module_preset=&#8221;default&#8221; global_colors_info=&#8221;{}&#8221;][et_pb_text _builder_version=&#8221;4.25.1&#8243; _module_preset=&#8221;default&#8221; hover_enabled=&#8221;0&#8243; global_colors_info=&#8221;{}&#8221; sticky_enabled=&#8221;0&#8243;]<\/p>\n<p><img loading=\"lazy\" decoding=\"async\" src=\"https:\/\/axiphen.com\/wp-content\/uploads\/2024\/06\/circular_graph-300x300.jpg\" width=\"300\" height=\"300\" alt=\"\" class=\"wp-image-588 alignnone size-medium\" \/><\/p>\n<p style=\"text-align: center;\"><span style=\"color: #429460;\"><strong><span style=\"font-size: medium;\">Seguro<\/span><\/strong><\/span><\/p>\n<p style=\"text-align: center;\"><span style=\"color: #000000;\">O aXiphen\u00ae \u00e9 seguro para uso com uma pureza de 98%. N\u00e3o possui contaminantes e n\u00e3o apresenta sinais de genotoxicidade. Isso torna o aXiphen\u00ae seguro para uso a longo prazo.<\/span><\/p>\n<p>[\/et_pb_text][\/et_pb_column][et_pb_column type=&#8221;1_4&#8243; _builder_version=&#8221;4.24.3&#8243; _module_preset=&#8221;default&#8221; global_colors_info=&#8221;{}&#8221;][et_pb_text _builder_version=&#8221;4.24.3&#8243; _module_preset=&#8221;default&#8221; global_colors_info=&#8221;{}&#8221;]<\/p>\n<p><img loading=\"lazy\" decoding=\"async\" src=\"https:\/\/axiphen.com\/wp-content\/uploads\/2024\/04\/axiphen_grains-300x300.jpg\" width=\"300\" height=\"300\" alt=\"\" class=\"wp-image-29 alignnone size-medium\" srcset=\"https:\/\/axiphen.com\/wp-content\/uploads\/2024\/04\/axiphen_grains-300x300.jpg 300w, https:\/\/axiphen.com\/wp-content\/uploads\/2024\/04\/axiphen_grains-1024x1024.jpg 1024w, https:\/\/axiphen.com\/wp-content\/uploads\/2024\/04\/axiphen_grains-150x150.jpg 150w, https:\/\/axiphen.com\/wp-content\/uploads\/2024\/04\/axiphen_grains-768x768.jpg 768w, https:\/\/axiphen.com\/wp-content\/uploads\/2024\/04\/axiphen_grains-1536x1536.jpg 1536w, https:\/\/axiphen.com\/wp-content\/uploads\/2024\/04\/axiphen_grains-2048x2048.jpg 2048w, https:\/\/axiphen.com\/wp-content\/uploads\/2024\/04\/axiphen_grains-1080x1080.jpg 1080w, https:\/\/axiphen.com\/wp-content\/uploads\/2024\/04\/axiphen_grains-1280x1280.jpg 1280w, https:\/\/axiphen.com\/wp-content\/uploads\/2024\/04\/axiphen_grains-980x980.jpg 980w, https:\/\/axiphen.com\/wp-content\/uploads\/2024\/04\/axiphen_grains-480x480.jpg 480w\" sizes=\"(max-width: 300px) 100vw, 300px\" \/><\/p>\n<p style=\"text-align: center;\"><span style=\"font-size: medium;\"><strong><span style=\"color: #429460;\">Vers\u00e1til<\/span><\/strong><\/span><\/p>\n<p style=\"text-align: center;\"><span style=\"color: #000000;\">Gra\u00e7as a uma microencapsula\u00e7\u00e3o \u00fanica, a intensidade da ard\u00eancia da capsaicina \u00e9 controlada e a dosagem pode ser personalizada, tornando-a muito vers\u00e1til. A produ\u00e7\u00e3o \u00e9 padronizada e feita em grande escala para uma entrega est\u00e1vel.<\/span><\/p>\n<p>[\/et_pb_text][\/et_pb_column][et_pb_column type=&#8221;1_4&#8243; _builder_version=&#8221;4.24.3&#8243; _module_preset=&#8221;default&#8221; global_colors_info=&#8221;{}&#8221;][et_pb_text _builder_version=&#8221;4.24.3&#8243; _module_preset=&#8221;default&#8221; global_colors_info=&#8221;{}&#8221;]<\/p>\n<p><img loading=\"lazy\" decoding=\"async\" src=\"https:\/\/axiphen.com\/wp-content\/uploads\/2024\/04\/axiphen_chicken-300x300.jpg\" width=\"300\" height=\"300\" alt=\"\" class=\"wp-image-30 alignnone size-medium\"><\/p>\n<p style=\"text-align: center;\"><span style=\"color: #429460; font-size: medium;\"><strong>Eficaz<\/strong><\/span><\/p>\n<p style=\"text-align: center;\"><span style=\"color: #000000;\">A alta biodisponibilidade faz com que, em uma mesma dosagem, a aXiphen\u00ae forne\u00e7a uma concentra\u00e7\u00e3o plasm\u00e1tica muito maior em compara\u00e7\u00e3o com a capsaicina natural, o que significa que \u00e9 necess\u00e1ria uma quantidade menor, tornando-o uma alternativa econ\u00f4mica.<\/span><\/p>\n<p>[\/et_pb_text][\/et_pb_column][et_pb_column type=&#8221;1_4&#8243; _builder_version=&#8221;4.24.3&#8243; _module_preset=&#8221;default&#8221; global_colors_info=&#8221;{}&#8221;][et_pb_text _builder_version=&#8221;4.24.3&#8243; _module_preset=&#8221;default&#8221; global_colors_info=&#8221;{}&#8221;]<\/p>\n<p><img loading=\"lazy\" decoding=\"async\" src=\"https:\/\/axiphen.com\/wp-content\/uploads\/2024\/04\/Axiphen_bridge-300x300.jpg\" width=\"300\" height=\"300\" alt=\"\" class=\"wp-image-31 alignnone size-medium\"><\/p>\n<p style=\"text-align: center;\"><span style=\"color: #429460; font-size: medium;\"><strong>Biopotenciador<\/strong><\/span><\/p>\n<p style=\"text-align: center;\"><span style=\"color: #000000;\">O aXiphen\u00ae acelera a absor\u00e7\u00e3o nutricional de outros ingredientes. Em compara\u00e7\u00e3o com a capsaicina natural, sua pot\u00eancia \u00e9 superior.<\/span><\/p>\n<p>[\/et_pb_text][\/et_pb_column][\/et_pb_row][\/et_pb_section][et_pb_section fb_built=&#8221;1&#8243; _builder_version=&#8221;4.24.3&#8243; _module_preset=&#8221;default&#8221; custom_padding=&#8221;3px|||||&#8221; global_colors_info=&#8221;{}&#8221;][et_pb_row column_structure=&#8221;1_2,1_2&#8243; _builder_version=&#8221;4.24.3&#8243; _module_preset=&#8221;default&#8221; global_colors_info=&#8221;{}&#8221;][et_pb_column type=&#8221;1_2&#8243; _builder_version=&#8221;4.24.3&#8243; _module_preset=&#8221;default&#8221; global_colors_info=&#8221;{}&#8221;][et_pb_text _builder_version=&#8221;4.24.3&#8243; _module_preset=&#8221;default&#8221; text_text_color=&#8221;#000000&#8243; text_line_height=&#8221;2em&#8221; header_2_font=&#8221;Poppins|300|||||||&#8221; header_2_font_size=&#8221;29px&#8221; global_colors_info=&#8221;{}&#8221;]<\/p>\n<h2><span style=\"color: #429460; font-size: x-large;\">Uma boa <span style=\"caret-color: #429460;\">sa\u00fade<\/span> intestinal \u00e9 fundamental<\/span><\/h2>\n<p><span style=\"font-size: large;\"><span>Uma boa sa\u00fade intestinal \u00e9 fundamental para aves naturalmente saud\u00e1veis e livres de salmonela. O aXiphen\u00ae melhora a sa\u00fade das aves sem depender de antibi\u00f3ticos, garantindo uma produ\u00e7\u00e3o mais segura e sustent\u00e1vel. V\u00e1rios estudos comprovam a efic\u00e1cia do aXiphen\u00ae na promo\u00e7\u00e3o da sa\u00fade intestinal e como um aditivo alimentar funcional n\u00e3o antibi\u00f3tico no combate \u00e0 salmonela.<\/span><\/span><\/p>\n<p>[\/et_pb_text][et_pb_button button_url=&#8221;https:\/\/axiphen.com\/pt-br\/axiphen-2\/&#8221; button_text=&#8221;Saiba mais sobre como prevenir a salmonela&#8221; _builder_version=&#8221;4.24.3&#8243; _module_preset=&#8221;default&#8221; custom_button=&#8221;on&#8221; button_text_size=&#8221;13px&#8221; button_text_color=&#8221;#429460&#8243; button_bg_color=&#8221;RGBA(255,255,255,0)&#8221; button_border_width=&#8221;2px&#8221; button_border_color=&#8221;#429460&#8243; button_border_radius=&#8221;34px&#8221; button_font=&#8221;Poppins|500|||||||&#8221; global_colors_info=&#8221;{}&#8221;][\/et_pb_button][\/et_pb_column][et_pb_column type=&#8221;1_2&#8243; _builder_version=&#8221;4.24.3&#8243; _module_preset=&#8221;default&#8221; global_colors_info=&#8221;{}&#8221;][et_pb_image src=&#8221;https:\/\/axiphen.com\/wp-content\/uploads\/2024\/04\/Axiphen_benefit_bullets.jpg&#8221; title_text=&#8221;Axiphen_benefit_bullets&#8221; _builder_version=&#8221;4.24.3&#8243; _module_preset=&#8221;default&#8221; global_colors_info=&#8221;{}&#8221;][\/et_pb_image][\/et_pb_column][\/et_pb_row][\/et_pb_section][et_pb_section fb_built=&#8221;1&#8243; fullwidth=&#8221;on&#8221; _builder_version=&#8221;4.24.3&#8243; _module_preset=&#8221;default&#8221; global_colors_info=&#8221;{}&#8221;][\/et_pb_section]<\/p>\n","protected":false},"excerpt":{"rendered":"<p>&nbsp; &nbsp; O futuro da sa\u00fade aXiphen\u00ae \u2013 Solu\u00e7\u00e3o natural para a aviculturaO aXiphen\u00ae \u00e9 o futuro da sa\u00fade animal para o produtor que busca garantir uma cadeia de valor sustent\u00e1vel, \u00e9tica e eficaz, da granja at\u00e9 a mesa. Apoiado por uma extensa pesquisa, o aXiphen\u00ae representa o caminho para uma transi\u00e7\u00e3o rumo a uma [&hellip;]<\/p>\n","protected":false},"author":2,"featured_media":0,"parent":0,"menu_order":0,"comment_status":"closed","ping_status":"closed","template":"","meta":{"_et_pb_use_builder":"on","_et_pb_old_content":"","_et_gb_content_width":"","footnotes":""},"class_list":["post-375","page","type-page","status-publish","hentry"],"_links":{"self":[{"href":"https:\/\/axiphen.com\/pt-br\/wp-json\/wp\/v2\/pages\/375","targetHints":{"allow":["GET"]}}],"collection":[{"href":"https:\/\/axiphen.com\/pt-br\/wp-json\/wp\/v2\/pages"}],"about":[{"href":"https:\/\/axiphen.com\/pt-br\/wp-json\/wp\/v2\/types\/page"}],"author":[{"embeddable":true,"href":"https:\/\/axiphen.com\/pt-br\/wp-json\/wp\/v2\/users\/2"}],"replies":[{"embeddable":true,"href":"https:\/\/axiphen.com\/pt-br\/wp-json\/wp\/v2\/comments?post=375"}],"version-history":[{"count":21,"href":"https:\/\/axiphen.com\/pt-br\/wp-json\/wp\/v2\/pages\/375\/revisions"}],"predecessor-version":[{"id":590,"href":"https:\/\/axiphen.com\/pt-br\/wp-json\/wp\/v2\/pages\/375\/revisions\/590"}],"wp:attachment":[{"href":"https:\/\/axiphen.com\/pt-br\/wp-json\/wp\/v2\/media?parent=375"}],"curies":[{"name":"wp","href":"https:\/\/api.w.org\/{rel}","templated":true}]}}