{"id":383,"date":"2024-04-22T09:25:33","date_gmt":"2024-04-22T07:25:33","guid":{"rendered":"https:\/\/axiphen.se\/axiphen-2\/"},"modified":"2025-03-28T09:06:27","modified_gmt":"2025-03-28T08:06:27","slug":"axiphen-2","status":"publish","type":"page","link":"https:\/\/axiphen.com\/pt-br\/axiphen-2\/","title":{"rendered":"Produto"},"content":{"rendered":"<p>[et_pb_section fb_built=&#8221;1&#8243; fullwidth=&#8221;on&#8221; _builder_version=&#8221;4.24.3&#8243; _module_preset=&#8221;default&#8221; global_colors_info=&#8221;{}&#8221;][et_pb_fullwidth_header _builder_version=&#8221;4.24.3&#8243; _module_preset=&#8221;default&#8221; title_font=&#8221;Poppins|500|||||||&#8221; title_text_color=&#8221;#000000&#8243; title_font_size=&#8221;47px&#8221; content_font=&#8221;Poppins|300|||||||&#8221; content_text_color=&#8221;#000000&#8243; content_font_size=&#8221;18px&#8221; content_line_height=&#8221;1em&#8221; background_image=&#8221;https:\/\/axiphen.com\/wp-content\/uploads\/2024\/04\/aXiphen_feed_broiler_header-scaled.jpg&#8221; background_position=&#8221;center_left&#8221; background_horizontal_offset=&#8221;0%&#8221; min_height=&#8221;723px&#8221; custom_padding=&#8221;68px||0px|||&#8221; title_font_tablet=&#8221;Poppins|500|||||||&#8221; title_font_phone=&#8221;Poppins|500|||||||&#8221; title_font_last_edited=&#8221;on|desktop&#8221; background_last_edited=&#8221;on|tablet&#8221; background_position_tablet=&#8221;center&#8221; global_colors_info=&#8221;{}&#8221;]<\/p>\n<h1 style=\"text-align: center;\"><\/h1>\n<h1 style=\"text-align: center;\"><\/h1>\n<h1 style=\"text-align: center;\"><\/h1>\n<h1 style=\"text-align: center;\"><\/h1>\n<h1 style=\"text-align: center;\"><\/h1>\n<h1 style=\"text-align: center;\"><\/h1>\n<h1 style=\"text-align: center;\"><\/h1>\n<h1 style=\"text-align: center;\"><\/h1>\n<h1 style=\"text-align: center;\"><\/h1>\n<h1 style=\"text-align: center;\"><\/h1>\n<h1 style=\"text-align: center;\"><\/h1>\n<h1 style=\"text-align: center;\"><\/h1>\n<h1 style=\"text-align: center;\"><\/h1>\n<h1 style=\"text-align: center;\"><\/h1>\n<h1 style=\"text-align: center;\"><\/h1>\n<h1 style=\"text-align: center;\"><\/h1>\n<h1 style=\"text-align: center;\"><\/h1>\n<h1 style=\"text-align: center;\"><\/h1>\n<h1 style=\"text-align: center;\"><\/h1>\n<h1 style=\"text-align: center;\"><span style=\"font-size: xx-large;\">Promova a sa\u00fade intestinal. Previna salmonela.<\/span><\/h1>\n<p style=\"text-align: center;\"><span style=\"font-size: large;\">Produ\u00e7\u00e3o saud\u00e1vel sem antibi\u00f3ticos.<\/span><\/p>\n<p>[\/et_pb_fullwidth_header][\/et_pb_section][et_pb_section fb_built=&#8221;1&#8243; _builder_version=&#8221;4.24.3&#8243; _module_preset=&#8221;default&#8221; min_height=&#8221;236px&#8221; custom_margin=&#8221;-58px|||||&#8221; global_colors_info=&#8221;{}&#8221;][et_pb_row _builder_version=&#8221;4.24.3&#8243; _module_preset=&#8221;default&#8221; global_colors_info=&#8221;{}&#8221;][et_pb_column type=&#8221;4_4&#8243; _builder_version=&#8221;4.24.3&#8243; _module_preset=&#8221;default&#8221; global_colors_info=&#8221;{}&#8221;][et_pb_text _builder_version=&#8221;4.24.3&#8243; _module_preset=&#8221;default&#8221; text_text_color=&#8221;#000000&#8243; text_font_size=&#8221;18px&#8221; text_line_height=&#8221;1.8em&#8221; header_font=&#8221;Poppins||||||||&#8221; header_2_font=&#8221;Poppins|300|||||||&#8221; header_2_font_size=&#8221;30px&#8221; global_colors_info=&#8221;{}&#8221;]<\/p>\n<h2 style=\"text-align: center;\"><span style=\"font-size: xx-large; color: #429460;\">Uma nova solu\u00e7\u00e3o revoluciona a produ\u00e7\u00e3o av\u00edcola<\/span><\/h2>\n<p style=\"text-align: center;\">Uma boa sa\u00fade intestinal \u00e9 fundamental para ter aves saud\u00e1veis. O aXiphen\u00ae mostrou ter propriedades \u00fanicas que melhoram a sa\u00fade intestinal, levando a uma redu\u00e7\u00e3o consider\u00e1vel de salmonela, assim como um melhor crescimento sem o uso de antibi\u00f3ticos.<\/p>\n<p>[\/et_pb_text][\/et_pb_column][\/et_pb_row][\/et_pb_section][et_pb_section fb_built=&#8221;1&#8243; _builder_version=&#8221;4.24.3&#8243; _module_preset=&#8221;default&#8221; background_enable_color=&#8221;off&#8221; min_height=&#8221;587px&#8221; custom_margin=&#8221;||-11px|||&#8221; custom_padding=&#8221;0px||0px|||&#8221; global_colors_info=&#8221;{}&#8221;][et_pb_row column_structure=&#8221;1_2,1_2&#8243; _builder_version=&#8221;4.24.3&#8243; _module_preset=&#8221;default&#8221; min_height=&#8221;341px&#8221; custom_margin=&#8221;-52px|auto|-40px|auto||&#8221; custom_padding=&#8221;||0px|||&#8221; global_colors_info=&#8221;{}&#8221;][et_pb_column type=&#8221;1_2&#8243; _builder_version=&#8221;4.24.3&#8243; _module_preset=&#8221;default&#8221; global_colors_info=&#8221;{}&#8221;][et_pb_image src=&#8221;https:\/\/axiphen.com\/wp-content\/uploads\/2024\/04\/axiphen_quorum-sensing.png&#8221; title_text=&#8221;axiphen_quorum sensing&#8221; _builder_version=&#8221;4.24.3&#8243; _module_preset=&#8221;default&#8221; global_colors_info=&#8221;{}&#8221;][\/et_pb_image][\/et_pb_column][et_pb_column type=&#8221;1_2&#8243; _builder_version=&#8221;4.24.3&#8243; _module_preset=&#8221;default&#8221; global_colors_info=&#8221;{}&#8221;][et_pb_text _builder_version=&#8221;4.24.3&#8243; _module_preset=&#8221;default&#8221; text_text_color=&#8221;#000000&#8243; text_font_size=&#8221;18px&#8221; header_2_font=&#8221;Poppins||||||||&#8221; header_3_font=&#8221;Poppins|300|||||||&#8221; header_3_text_color=&#8221;#21955f&#8221; header_3_font_size=&#8221;26px&#8221; min_height=&#8221;262px&#8221; custom_padding=&#8221;42px||0px|||&#8221; global_colors_info=&#8221;{}&#8221;]<\/p>\n<h3>Quorum sensing<\/h3>\n<ul>\n<li><span>As salmonelas se agrupam e formam um biofilme atrav\u00e9s da comunica\u00e7\u00e3o entre as bact\u00e9rias chamado quorum sensing (QS).<\/span><\/li>\n<li><span>O aXiphen\u00ae interrompe essa comunica\u00e7\u00e3o, levando \u00e0 inibi\u00e7\u00e3o de bact\u00e9rias patog\u00eanicas, impedindo a forma\u00e7\u00e3o do biofilme.<\/span><\/li>\n<\/ul>\n<p>&nbsp;<\/p>\n<p>[\/et_pb_text][\/et_pb_column][\/et_pb_row][et_pb_row column_structure=&#8221;1_2,1_2&#8243; _builder_version=&#8221;4.24.3&#8243; _module_preset=&#8221;default&#8221; width=&#8221;69.6%&#8221; custom_padding=&#8221;0px||0px|||&#8221; global_colors_info=&#8221;{}&#8221;][et_pb_column type=&#8221;1_2&#8243; _builder_version=&#8221;4.24.3&#8243; _module_preset=&#8221;default&#8221; global_colors_info=&#8221;{}&#8221;][et_pb_image src=&#8221;https:\/\/axiphen.com\/wp-content\/uploads\/2024\/04\/aixphen_leaky_gut.png&#8221; title_text=&#8221;aixphen_leaky_gut&#8221; _builder_version=&#8221;4.24.3&#8243; _module_preset=&#8221;default&#8221; global_colors_info=&#8221;{}&#8221;][\/et_pb_image][\/et_pb_column][et_pb_column type=&#8221;1_2&#8243; _builder_version=&#8221;4.24.3&#8243; _module_preset=&#8221;default&#8221; global_colors_info=&#8221;{}&#8221;][et_pb_text _builder_version=&#8221;4.24.3&#8243; _module_preset=&#8221;default&#8221; text_text_color=&#8221;#000000&#8243; text_font_size=&#8221;18px&#8221; header_2_font=&#8221;Poppins||||||||&#8221; header_3_font=&#8221;Poppins|300|||||||&#8221; header_3_text_color=&#8221;#21955f&#8221; header_3_font_size=&#8221;26px&#8221; min_height=&#8221;262px&#8221; custom_padding=&#8221;68px|||||&#8221; global_colors_info=&#8221;{}&#8221;]<\/p>\n<h3>Intestino perme\u00e1vel<\/h3>\n<ul>\n<li><span>A inibi\u00e7\u00e3o do QS melhora as condi\u00e7\u00f5es inflamat\u00f3rias intestinais, como o \u201cintestino perme\u00e1vel\u201d.<\/span><\/li>\n<li><span>O aXiphen\u00ae diminui os n\u00edveis de zonulina, o que melhora a fun\u00e7\u00e3o da barreira intestinal e atenua as s\u00edndromes de intestino perme\u00e1vel.<\/span><\/li>\n<\/ul>\n<h3><span style=\"font-size: 18px; color: #000000; font-family: 'Open Sans', Helvetica, Arial, Lucida, sans-serif;\"> <\/span><\/h3>\n<p>&nbsp;<\/p>\n<p>[\/et_pb_text][\/et_pb_column][\/et_pb_row][et_pb_row column_structure=&#8221;1_2,1_2&#8243; _builder_version=&#8221;4.24.3&#8243; _module_preset=&#8221;default&#8221; global_colors_info=&#8221;{}&#8221;][et_pb_column type=&#8221;1_2&#8243; _builder_version=&#8221;4.24.3&#8243; _module_preset=&#8221;default&#8221; global_colors_info=&#8221;{}&#8221;][et_pb_image src=&#8221;https:\/\/axiphen.com\/wp-content\/uploads\/2024\/04\/aXiphen_no_tocicity.png&#8221; title_text=&#8221;aXiphen_no_tocicity&#8221; _builder_version=&#8221;4.24.3&#8243; _module_preset=&#8221;default&#8221; global_colors_info=&#8221;{}&#8221;][\/et_pb_image][\/et_pb_column][et_pb_column type=&#8221;1_2&#8243; _builder_version=&#8221;4.24.3&#8243; _module_preset=&#8221;default&#8221; global_colors_info=&#8221;{}&#8221;][et_pb_text _builder_version=&#8221;4.24.3&#8243; _module_preset=&#8221;default&#8221; text_text_color=&#8221;#000000&#8243; text_font_size=&#8221;18px&#8221; header_2_font=&#8221;Poppins||||||||&#8221; header_3_font=&#8221;Poppins|300|||||||&#8221; header_3_text_color=&#8221;#21955f&#8221; header_3_font_size=&#8221;26px&#8221; min_height=&#8221;262px&#8221; custom_padding=&#8221;31px|||||&#8221; global_colors_info=&#8221;{}&#8221;]<\/p>\n<h3>Sem toxicidade<\/h3>\n<ul>\n<li><span>O resultado desses benef\u00edcios \u00fanicos para a sa\u00fade \u00e9 a melhoria da sa\u00fade intestinal, onde h\u00e1 uma redu\u00e7\u00e3o na inflama\u00e7\u00e3o intestinal, as bact\u00e9rias permanecem adormecidas e n\u00e3o h\u00e1 toxicidade para o animal.<\/span><\/li>\n<li><span>Isso resulta em frangos saud\u00e1veis, o que, por sua vez, leva a um maior crescimento de forma sustent\u00e1vel e natural.<\/span><\/li>\n<\/ul>\n<h3><span style=\"color: #000000; font-family: 'Open Sans', Helvetica, Arial, Lucida, sans-serif; font-size: 18px;\"> <\/span><\/h3>\n<p>&nbsp;<\/p>\n<p>[\/et_pb_text][\/et_pb_column][\/et_pb_row][\/et_pb_section][et_pb_section fb_built=&#8221;1&#8243; _builder_version=&#8221;4.24.3&#8243; _module_preset=&#8221;default&#8221; custom_padding=&#8221;0px|||||&#8221; global_colors_info=&#8221;{}&#8221;][et_pb_row column_structure=&#8221;1_2,1_2&#8243; _builder_version=&#8221;4.24.3&#8243; _module_preset=&#8221;default&#8221; width=&#8221;69.6%&#8221; custom_padding=&#8221;0px||13px|||&#8221; global_colors_info=&#8221;{}&#8221;][et_pb_column type=&#8221;1_2&#8243; _builder_version=&#8221;4.24.3&#8243; _module_preset=&#8221;default&#8221; global_colors_info=&#8221;{}&#8221;][et_pb_image src=&#8221;https:\/\/axiphen.com\/wp-content\/uploads\/2024\/04\/axiphen_bioenhancing.png&#8221; title_text=&#8221;axiphen_bioenhancing&#8221; _builder_version=&#8221;4.24.3&#8243; _module_preset=&#8221;default&#8221; global_colors_info=&#8221;{}&#8221;][\/et_pb_image][\/et_pb_column][et_pb_column type=&#8221;1_2&#8243; _builder_version=&#8221;4.24.3&#8243; _module_preset=&#8221;default&#8221; global_colors_info=&#8221;{}&#8221;][et_pb_text _builder_version=&#8221;4.24.3&#8243; _module_preset=&#8221;default&#8221; text_text_color=&#8221;#000000&#8243; text_font_size=&#8221;18px&#8221; header_2_font=&#8221;Poppins||||||||&#8221; header_3_font=&#8221;Poppins|300|||||||&#8221; header_3_text_color=&#8221;#21955f&#8221; header_3_font_size=&#8221;26px&#8221; min_height=&#8221;262px&#8221; custom_padding=&#8221;31px|||||&#8221; global_colors_info=&#8221;{}&#8221;]<\/p>\n<h3>Efeito biopotenciador<\/h3>\n<ul>\n<li><span>O aXiphen\u00ae proporciona os benef\u00edcios da absor\u00e7\u00e3o aprimorada de outros nutrientes, al\u00e9m de possuir alta biodisponibilidade.<\/span><\/li>\n<li><span>Ele fornece uma concentra\u00e7\u00e3o plasm\u00e1tica at\u00e9 8 vezes maior, entra na corrente sangu\u00ednea mais r\u00e1pido, trabalha com uma dosagem mais baixa e tem um maior efeito biopotenciador em compara\u00e7\u00e3o com a capsaicina natural.<\/span><\/li>\n<\/ul>\n<h3><span style=\"color: #000000; font-family: 'Open Sans', Helvetica, Arial, Lucida, sans-serif; font-size: 18px;\"> <\/span><\/h3>\n<p>&nbsp;<\/p>\n<p>[\/et_pb_text][\/et_pb_column][\/et_pb_row][et_pb_row column_structure=&#8221;1_2,1_2&#8243; _builder_version=&#8221;4.24.3&#8243; _module_preset=&#8221;default&#8221; global_colors_info=&#8221;{}&#8221;][et_pb_column type=&#8221;1_2&#8243; _builder_version=&#8221;4.24.3&#8243; _module_preset=&#8221;default&#8221; global_colors_info=&#8221;{}&#8221;][et_pb_text _builder_version=&#8221;4.24.3&#8243; _module_preset=&#8221;default&#8221; text_text_color=&#8221;#000000&#8243; text_font_size=&#8221;18px&#8221; header_2_font=&#8221;Poppins||||||||&#8221; header_3_font=&#8221;Poppins|300|||||||&#8221; header_3_text_color=&#8221;#21955f&#8221; header_3_font_size=&#8221;26px&#8221; header_4_font=&#8221;Poppins||||||||&#8221; header_4_font_size=&#8221;22px&#8221; header_4_letter_spacing=&#8221;1px&#8221; header_4_line_height=&#8221;1.2em&#8221; min_height=&#8221;262px&#8221; custom_padding=&#8221;31px|||||&#8221; global_colors_info=&#8221;{}&#8221;]<\/p>\n<h3>Verificado em estudos*<\/h3>\n<h4><span>As diversas vantagens do aXiphen\u00ae <\/span><span>s\u00e3o comprovadas por v\u00e1rios ensaios recentes.<\/span><span><\/span><\/h4>\n<p><span><\/span><\/p>\n<ul>\n<li><span>Potencializar e estimular o crescimento acelerado das aves, assim como melhorar as taxas de convers\u00e3o alimentar. <\/span><\/li>\n<li><span>V\u00e1rios estudos confirmam os efeitos na redu\u00e7\u00e3o de salmonela, concluindo sua efic\u00e1cia na redu\u00e7\u00e3o da ocorr\u00eancia de doen\u00e7as na avicultura.<\/span><\/li>\n<li><span>Em um ensaio recente realizado pela Universidade de Bergen, o aXiphen\u00ae apresentou uma redu\u00e7\u00e3o significativa na presen\u00e7a de salmonela em granjas comerciais de frango. O estudo foi realizado com a inclus\u00e3o de 15 ppm de fenilcapsaicina na dieta inicial regular durante o per\u00edodo de crescimento inicial. Os resultados foram not\u00e1veis, com uma redu\u00e7\u00e3o de 68% na preval\u00eancia de salmonela nas granjas testadas.<\/span><\/li>\n<li>O aXiphen\u00ae \u00e9 autorizado como aditivo para ra\u00e7\u00f5es no Brasil e o processo para aprova\u00e7\u00e3o de aditivo para ra\u00e7\u00f5es na Europa est\u00e1 em andamento.\n<div>\n<div>\n<div>\n<div>\n<div>\n<blockquote type=\"cite\"><\/blockquote>\n<\/div>\n<\/div>\n<\/div>\n<\/div>\n<\/div>\n<\/li>\n<\/ul>\n<h3><span style=\"color: #000000; font-family: 'Open Sans', Helvetica, Arial, Lucida, sans-serif; font-size: 18px;\"> <\/span><\/h3>\n<p>&nbsp;<\/p>\n<p>[\/et_pb_text][\/et_pb_column][et_pb_column type=&#8221;1_2&#8243; _builder_version=&#8221;4.24.3&#8243; _module_preset=&#8221;default&#8221; global_colors_info=&#8221;{}&#8221;][et_pb_image src=&#8221;https:\/\/axiphen.com\/wp-content\/uploads\/2024\/04\/Efficiency_studies.jpg&#8221; title_text=&#8221;Efficiency_studies&#8221; _builder_version=&#8221;4.24.3&#8243; _module_preset=&#8221;default&#8221; global_colors_info=&#8221;{}&#8221;][\/et_pb_image][\/et_pb_column][\/et_pb_row][et_pb_row _builder_version=&#8221;4.24.3&#8243; _module_preset=&#8221;default&#8221; custom_padding=&#8221;0px|||||&#8221; global_colors_info=&#8221;{}&#8221;][et_pb_column type=&#8221;4_4&#8243; _builder_version=&#8221;4.24.3&#8243; _module_preset=&#8221;default&#8221; global_colors_info=&#8221;{}&#8221;][et_pb_text _builder_version=&#8221;4.25.1&#8243; _module_preset=&#8221;default&#8221; text_text_color=&#8221;#000000&#8243; text_font_size=&#8221;13px&#8221; text_line_height=&#8221;1.5em&#8221; header_5_text_color=&#8221;#00975b&#8221; header_5_font_size=&#8221;15px&#8221; global_colors_info=&#8221;{}&#8221;]<\/p>\n<h5><strong>* Efici\u00eancia verificada em estudos:<\/strong><\/h5>\n<p>1.The effect of phenylcapsaicin on the prevalence of floor Salmonella under commercial broiler farm conditions. Statistical calculations by Department of Biological Sciences, University of Bergen, Bergen, NorwayT.R. Paulsen and K.H. Jensen 2. Inhibition of Quorum sensing activity by Phenycapsaicin using Chromobacterium violaceum CV026 GPH Biotech LLC. Bomi Framroze 3. Human Placebo Controlled Study to Investigate The Relationship Between Lowering Serum Zonulin Levels And Improved Body Weight Composition Using a Daily Oral Dose of Phenylcapsaicin 4. A comparative study on the relative uptake of Capsaicin, Phenylcapsaicin and Curcumin in single and combination formulations using a Caco-2 invitro cell assay. GPH Biotech LLC. Bomi Framroze 5. Phenylcapsaicin: Environmental Risk Assessment. Based on data from Ibacon, Weizel 2022. Measurement of Phenylcapsaicin in tissue. Q&amp;Q Labs. Henrik Tjellstr\u00f6m. Measurement of Phenylcapsaicin in feed. Q&amp;Q Labs. Henrik Tjellstr\u00f6m. Efficacy and tolerance study with Phenylcapsaicin in male broilers. Wageningen Livestock Research. Jan van Harn and Teun Veldkamp(Wageningen) 6. Efficacy of Phenylcapsaicin as growth promotor in broiler chickens. University of Bergen, Norway and South China Agricultural University, ChinaTorbj\u00f8rn R. Paulsen and Liguo Yuan \/ Efficacy of Phenylcapsaicin as growth promotor in broiler chickens. University of Bergen, Norway and South China Agricultural University, ChinaTorbj\u00f8rn R. Paulsen and Liguo Yuan \/ Efficacy of Phenylcapsaicin on nalidixic acid resistant Salmonella enteritidis PT4 colonisation in broiler chickens. Wageningen 2015. T. Veldkamp, A.J.M. Jansman1, J.M.J. Rebel, T.R. Paulsen, A. de Greeff<\/p>\n<p>[\/et_pb_text][\/et_pb_column][\/et_pb_row][\/et_pb_section]<\/p>\n","protected":false},"excerpt":{"rendered":"<p>Promova a sa\u00fade intestinal. Previna salmonela. Produ\u00e7\u00e3o saud\u00e1vel sem antibi\u00f3ticos.Uma nova solu\u00e7\u00e3o revoluciona a produ\u00e7\u00e3o av\u00edcola Uma boa sa\u00fade intestinal \u00e9 fundamental para ter aves saud\u00e1veis. O aXiphen\u00ae mostrou ter propriedades \u00fanicas que melhoram a sa\u00fade intestinal, levando a uma redu\u00e7\u00e3o consider\u00e1vel de salmonela, assim como um melhor crescimento sem o uso de antibi\u00f3ticos.Quorum sensing [&hellip;]<\/p>\n","protected":false},"author":2,"featured_media":0,"parent":0,"menu_order":0,"comment_status":"closed","ping_status":"closed","template":"","meta":{"_et_pb_use_builder":"on","_et_pb_old_content":"","_et_gb_content_width":"","footnotes":""},"class_list":["post-383","page","type-page","status-publish","hentry"],"_links":{"self":[{"href":"https:\/\/axiphen.com\/pt-br\/wp-json\/wp\/v2\/pages\/383","targetHints":{"allow":["GET"]}}],"collection":[{"href":"https:\/\/axiphen.com\/pt-br\/wp-json\/wp\/v2\/pages"}],"about":[{"href":"https:\/\/axiphen.com\/pt-br\/wp-json\/wp\/v2\/types\/page"}],"author":[{"embeddable":true,"href":"https:\/\/axiphen.com\/pt-br\/wp-json\/wp\/v2\/users\/2"}],"replies":[{"embeddable":true,"href":"https:\/\/axiphen.com\/pt-br\/wp-json\/wp\/v2\/comments?post=383"}],"version-history":[{"count":17,"href":"https:\/\/axiphen.com\/pt-br\/wp-json\/wp\/v2\/pages\/383\/revisions"}],"predecessor-version":[{"id":610,"href":"https:\/\/axiphen.com\/pt-br\/wp-json\/wp\/v2\/pages\/383\/revisions\/610"}],"wp:attachment":[{"href":"https:\/\/axiphen.com\/pt-br\/wp-json\/wp\/v2\/media?parent=383"}],"curies":[{"name":"wp","href":"https:\/\/api.w.org\/{rel}","templated":true}]}}