{"id":391,"date":"2024-04-22T09:25:13","date_gmt":"2024-04-22T07:25:13","guid":{"rendered":"https:\/\/axiphen.se\/ciencia\/"},"modified":"2024-06-19T15:46:54","modified_gmt":"2024-06-19T13:46:54","slug":"ciencia","status":"publish","type":"page","link":"https:\/\/axiphen.com\/pt-br\/ciencia\/","title":{"rendered":"Ci\u00eancia"},"content":{"rendered":"<p>[et_pb_section fb_built=&#8221;1&#8243; fullwidth=&#8221;on&#8221; _builder_version=&#8221;4.24.3&#8243; _module_preset=&#8221;default&#8221; global_colors_info=&#8221;{}&#8221;][et_pb_fullwidth_header _builder_version=&#8221;4.24.3&#8243; _module_preset=&#8221;default&#8221; title_font=&#8221;Poppins|500|||||||&#8221; title_text_color=&#8221;#429461&#8243; title_font_size=&#8221;50px&#8221; content_font=&#8221;Poppins|300|||||||&#8221; content_text_color=&#8221;#429461&#8243; content_font_size=&#8221;35px&#8221; content_line_height=&#8221;1em&#8221; background_image=&#8221;https:\/\/axiphen.com\/wp-content\/uploads\/2024\/04\/Axiphen_studies_header.jpg&#8221; min_height=&#8221;723px&#8221; custom_padding=&#8221;68px||0px|||&#8221; global_colors_info=&#8221;{}&#8221;]<\/p>\n<h1 style=\"text-align: center;\"><\/h1>\n<h1 style=\"text-align: center;\"><\/h1>\n<h1 style=\"text-align: center;\"><\/h1>\n<h1 style=\"text-align: center;\"><\/h1>\n<h1 style=\"text-align: center;\"><\/h1>\n<h1 style=\"text-align: center;\"><\/h1>\n<h1 style=\"text-align: center;\"><\/h1>\n<h1 style=\"text-align: center;\"><\/h1>\n<h1 style=\"text-align: center;\"><\/h1>\n<h1 style=\"text-align: center;\"><\/h1>\n<h1 style=\"text-align: center;\"><\/h1>\n<h1 style=\"text-align: center;\"><\/h1>\n<h1 style=\"text-align: center;\"><\/h1>\n<h1 style=\"text-align: center;\"><\/h1>\n<h1 style=\"text-align: center;\"><\/h1>\n<h1 style=\"text-align: center;\"><\/h1>\n<h1 style=\"text-align: center;\"><\/h1>\n<h1 style=\"text-align: center;\"><\/h1>\n<h1 style=\"text-align: center;\"><\/h1>\n<h1 style=\"text-align: center;\"><span style=\"font-size: xx-large; color: #429461;\">A inovadora <\/span><span style=\"font-size: xx-large; color: #429461;\">fenilcapsaicina <\/span><\/h1>\n<p style=\"text-align: center;\"><span style=\"font-size: x-large; color: #429461;\">Nossa ci\u00eancia por uma sa\u00fade animal melhor<\/span><\/p>\n<p>[\/et_pb_fullwidth_header][\/et_pb_section][et_pb_section fb_built=&#8221;1&#8243; _builder_version=&#8221;4.24.3&#8243; _module_preset=&#8221;default&#8221; custom_padding=&#8221;||0px|||&#8221; global_colors_info=&#8221;{}&#8221;][et_pb_row _builder_version=&#8221;4.24.3&#8243; _module_preset=&#8221;default&#8221; global_colors_info=&#8221;{}&#8221;][et_pb_column type=&#8221;4_4&#8243; _builder_version=&#8221;4.24.3&#8243; _module_preset=&#8221;default&#8221; global_colors_info=&#8221;{}&#8221;][et_pb_text _builder_version=&#8221;4.24.3&#8243; _module_preset=&#8221;default&#8221; text_text_color=&#8221;#000000&#8243; text_font_size=&#8221;18px&#8221; text_line_height=&#8221;1.9em&#8221; header_font=&#8221;Open Sans|300|||||||&#8221; header_text_color=&#8221;#000000&#8243; header_font_size=&#8221;31px&#8221; text_orientation=&#8221;center&#8221; global_colors_info=&#8221;{}&#8221;]<\/p>\n<p><span>A pureza e concentra\u00e7\u00e3o do aXiphen\u00ae s\u00e3o excepcionais, o que faz dele um produto confi\u00e1vel e eficiente para a produ\u00e7\u00e3o. O aXiphen\u00ae n\u00e3o \u00e9 persistente, n\u00e3o \u00e9 bioacumul\u00e1vel ou t\u00f3xico e n\u00e3o deixa vest\u00edgios nos tecidos. N\u00e3o apresenta efeitos negativos na sa\u00fade do animal e o EPEF (Fator Europeu de Efici\u00eancia de Produ\u00e7\u00e3o) \u00e9 consideravelmente melhorado. A intensidade da ard\u00eancia da fenilcapsaicina \u00e9 muito reduzida no aXiphen\u00ae devido ao seu encapsulamento em uma matriz de gordura patenteada. Gra\u00e7as a esta formula\u00e7\u00e3o, ele pode ser facilmente inclu\u00eddo em processos de alimenta\u00e7\u00e3o e produz resultados consistentes em diversas opera\u00e7\u00f5es produtivas.<\/span><\/p>\n<p>[\/et_pb_text][\/et_pb_column][\/et_pb_row][\/et_pb_section][et_pb_section fb_built=&#8221;1&#8243; _builder_version=&#8221;4.24.3&#8243; _module_preset=&#8221;default&#8221; custom_padding=&#8221;42px|||||&#8221; global_colors_info=&#8221;{}&#8221;][et_pb_row column_structure=&#8221;1_2,1_2&#8243; _builder_version=&#8221;4.24.3&#8243; _module_preset=&#8221;default&#8221; global_colors_info=&#8221;{}&#8221;][et_pb_column type=&#8221;1_2&#8243; _builder_version=&#8221;4.24.3&#8243; _module_preset=&#8221;default&#8221; global_colors_info=&#8221;{}&#8221;][et_pb_text _builder_version=&#8221;4.24.3&#8243; _module_preset=&#8221;default&#8221; text_text_color=&#8221;#000000&#8243; text_font_size=&#8221;19px&#8221; text_line_height=&#8221;1.6em&#8221; header_font=&#8221;Poppins|300|||||||&#8221; header_2_font=&#8221;Poppins|300|||||||&#8221; background_layout=&#8221;dark&#8221; width=&#8221;100%&#8221; global_colors_info=&#8221;{}&#8221;]<\/p>\n<h2><span style=\"font-size: x-large; color: #429460;\">Fenilcapsaicina &#8211; <\/span><br \/><span style=\"font-size: x-large; color: #429460;\">um novo an\u00e1logo patenteado da capsaicina<\/span><\/h2>\n<h2><span style=\"font-size: x-large; color: #429460;\"> <\/span><span style=\"font-size: large; color: #000000; font-family: 'Open Sans', Helvetica, Arial, Lucida, sans-serif;\">O aXiphen\u00ae \u00e9 baseado em uma mol\u00e9cula inovadora, a \u201cfenil-capsaicina\u201d, que \u00e9 um an\u00e1logo \u00e0 capsaicina. A fenilcapsaicina \u00e9 uma mol\u00e9cula patenteada onde um grupo fenil que ocorre naturalmente, unido por uma liga\u00e7\u00e3o tripla, tem sido usado para estabilizar uma capsaicina id\u00eantica \u00e0 natural. Estas modifica\u00e7\u00f5es na estrutura molecular oferecem diversos benef\u00edcios em compara\u00e7\u00e3o com o seu an\u00e1logo de ocorr\u00eancia natural.<\/span><\/h2>\n<p>[\/et_pb_text][\/et_pb_column][et_pb_column type=&#8221;1_2&#8243; _builder_version=&#8221;4.24.3&#8243; _module_preset=&#8221;default&#8221; global_colors_info=&#8221;{}&#8221;][et_pb_image src=&#8221;https:\/\/axiphen.com\/wp-content\/uploads\/2024\/04\/Axiphen_molekyl-scaled.jpg&#8221; title_text=&#8221;Axiphen_molekyl&#8221; _builder_version=&#8221;4.24.3&#8243; _module_preset=&#8221;default&#8221; global_colors_info=&#8221;{}&#8221;][\/et_pb_image][\/et_pb_column][\/et_pb_row][et_pb_row column_structure=&#8221;1_2,1_2&#8243; _builder_version=&#8221;4.24.3&#8243; _module_preset=&#8221;default&#8221; global_colors_info=&#8221;{}&#8221;][et_pb_column type=&#8221;1_2&#8243; _builder_version=&#8221;4.24.3&#8243; _module_preset=&#8221;default&#8221; global_colors_info=&#8221;{}&#8221;][et_pb_image src=&#8221;https:\/\/axiphen.com\/wp-content\/uploads\/2024\/04\/aXichem_main_image_NO_BG-scaled.jpg&#8221; title_text=&#8221;aXichem_main_image_NO_BG&#8221; _builder_version=&#8221;4.24.3&#8243; _module_preset=&#8221;default&#8221; global_colors_info=&#8221;{}&#8221;][\/et_pb_image][\/et_pb_column][et_pb_column type=&#8221;1_2&#8243; _builder_version=&#8221;4.24.3&#8243; _module_preset=&#8221;default&#8221; global_colors_info=&#8221;{}&#8221;][et_pb_text _builder_version=&#8221;4.24.3&#8243; _module_preset=&#8221;default&#8221; text_text_color=&#8221;#000000&#8243; text_font_size=&#8221;17px&#8221; text_line_height=&#8221;1.8em&#8221; custom_padding=&#8221;|||1px||&#8221; global_colors_info=&#8221;{}&#8221;]<\/p>\n<p><span style=\"font-size: large;\">Reduzido a um n\u00edvel molecular, em v\u00e1rios estudos, o aXiphen\u00ae mostra uma bioatividade semelhante a outros agonistas TRPV1, como a capsaicina natural. Ativando o receptor TRPV1, um canal cati\u00f4nico n\u00e3o seletivo, tem sido associado a diversos processos fisiol\u00f3gicos, incluindo a regula\u00e7\u00e3o da press\u00e3o arterial, a inflama\u00e7\u00e3o, e a libera\u00e7\u00e3o de certos neurotransmissores e neuropept\u00eddeos; e talvez os efeitos mais comumente conhecidos, como a percep\u00e7\u00e3o de dor e calor. As semelhan\u00e7as estruturais e diferen\u00e7as entre fenilcapsaicina e capsaicina resultam em um produto potente e melhorado com propriedades muito interessantes.<\/span><\/p>\n<div><\/div>\n<p>[\/et_pb_text][\/et_pb_column][\/et_pb_row][et_pb_row column_structure=&#8221;1_2,1_2&#8243; _builder_version=&#8221;4.24.3&#8243; _module_preset=&#8221;default&#8221; global_colors_info=&#8221;{}&#8221;][et_pb_column type=&#8221;1_2&#8243; _builder_version=&#8221;4.24.3&#8243; _module_preset=&#8221;default&#8221; global_colors_info=&#8221;{}&#8221;][et_pb_text _builder_version=&#8221;4.25.1&#8243; _module_preset=&#8221;default&#8221; text_text_color=&#8221;#000000&#8243; text_font_size=&#8221;19px&#8221; text_line_height=&#8221;1.6em&#8221; header_2_font=&#8221;Poppins|300|||||||&#8221; header_2_font_size=&#8221;30px&#8221; background_layout=&#8221;dark&#8221; width=&#8221;100%&#8221; global_colors_info=&#8221;{}&#8221;]<\/p>\n<h2><span style=\"font-size: x-large; color: #429460;\">Microencapsula\u00e7\u00e3o <\/span><br \/><span style=\"font-size: large;\"><\/span><\/h2>\n<p><span style=\"font-size: large;\">A fenilcapsaicina ativa o receptor de capsaicina, a origem da sensa\u00e7\u00e3o de calor pungente da pimenta, o que nem sempre \u00e9 desej\u00e1vel. Para controlar a intensidade da ard\u00eancia, a aXichem desenvolveu uma microencapsula\u00e7\u00e3o \u00fanica, projetada para uma libera\u00e7\u00e3o espec\u00edfica, resultando na formula\u00e7\u00e3o do aXiphen\u00ae. O produto \u00e9 embalado em uma formula\u00e7\u00e3o de f\u00e1cil manuseio com baixo percentual do composto ativo para fins de comercializa\u00e7\u00e3o.<\/span><\/p>\n<p>[\/et_pb_text][\/et_pb_column][et_pb_column type=&#8221;1_2&#8243; _builder_version=&#8221;4.24.3&#8243; _module_preset=&#8221;default&#8221; global_colors_info=&#8221;{}&#8221;][et_pb_image src=&#8221;https:\/\/axiphen.com\/wp-content\/uploads\/2024\/06\/axichem_process_infographic_AXIPHEN_POR_240619.png&#8221; title_text=&#8221;axichem_process_infographic_AXIPHEN_POR_240619&#8243; _builder_version=&#8221;4.25.1&#8243; _module_preset=&#8221;default&#8221; hover_enabled=&#8221;0&#8243; global_colors_info=&#8221;{}&#8221; sticky_enabled=&#8221;0&#8243;][\/et_pb_image][et_pb_text _builder_version=&#8221;4.24.3&#8243; _module_preset=&#8221;default&#8221; text_text_color=&#8221;#000000&#8243; global_colors_info=&#8221;{}&#8221;]<\/p>\n<p><span style=\"color: #429361;\"><strong>Descri\u00e7\u00e3o do processo aXiphen\u00ae<\/strong><\/span><\/p>\n<p>1) Uma emuls\u00e3o de fenilcapsaicina em \u00f3leo de canola refinado derretido \u00e9 pulverizada em uma corrente de ar frio em uma torre de resfriamento.<\/p>\n<p>2) As got\u00edculas se solidificam em part\u00edculas esf\u00e9ricas.<\/p>\n<p>3) Part\u00edculas superdimensionadas s\u00e3o peneiradas e removidas<\/p>\n<p>4) As part\u00edculas s\u00e3o embaladas no produto pronto.<\/p>\n<p>[\/et_pb_text][\/et_pb_column][\/et_pb_row][\/et_pb_section]<\/p>\n","protected":false},"excerpt":{"rendered":"<p>A inovadora fenilcapsaicina Nossa ci\u00eancia por uma sa\u00fade animal melhorA pureza e concentra\u00e7\u00e3o do aXiphen\u00ae s\u00e3o excepcionais, o que faz dele um produto confi\u00e1vel e eficiente para a produ\u00e7\u00e3o. O aXiphen\u00ae n\u00e3o \u00e9 persistente, n\u00e3o \u00e9 bioacumul\u00e1vel ou t\u00f3xico e n\u00e3o deixa vest\u00edgios nos tecidos. N\u00e3o apresenta efeitos negativos na sa\u00fade do animal e o [&hellip;]<\/p>\n","protected":false},"author":2,"featured_media":0,"parent":0,"menu_order":0,"comment_status":"closed","ping_status":"closed","template":"","meta":{"_et_pb_use_builder":"on","_et_pb_old_content":"","_et_gb_content_width":"","footnotes":""},"class_list":["post-391","page","type-page","status-publish","hentry"],"_links":{"self":[{"href":"https:\/\/axiphen.com\/pt-br\/wp-json\/wp\/v2\/pages\/391","targetHints":{"allow":["GET"]}}],"collection":[{"href":"https:\/\/axiphen.com\/pt-br\/wp-json\/wp\/v2\/pages"}],"about":[{"href":"https:\/\/axiphen.com\/pt-br\/wp-json\/wp\/v2\/types\/page"}],"author":[{"embeddable":true,"href":"https:\/\/axiphen.com\/pt-br\/wp-json\/wp\/v2\/users\/2"}],"replies":[{"embeddable":true,"href":"https:\/\/axiphen.com\/pt-br\/wp-json\/wp\/v2\/comments?post=391"}],"version-history":[{"count":16,"href":"https:\/\/axiphen.com\/pt-br\/wp-json\/wp\/v2\/pages\/391\/revisions"}],"predecessor-version":[{"id":585,"href":"https:\/\/axiphen.com\/pt-br\/wp-json\/wp\/v2\/pages\/391\/revisions\/585"}],"wp:attachment":[{"href":"https:\/\/axiphen.com\/pt-br\/wp-json\/wp\/v2\/media?parent=391"}],"curies":[{"name":"wp","href":"https:\/\/api.w.org\/{rel}","templated":true}]}}