{"id":506,"date":"2024-05-27T14:31:18","date_gmt":"2024-05-27T12:31:18","guid":{"rendered":"https:\/\/axiphen.se\/?page_id=506"},"modified":"2024-06-19T15:34:30","modified_gmt":"2024-06-19T13:34:30","slug":"entre-em-contato-conosco","status":"publish","type":"page","link":"https:\/\/axiphen.com\/pt-br\/entre-em-contato-conosco\/","title":{"rendered":"Entre em contato conosco"},"content":{"rendered":"<p>[et_pb_section fb_built=&#8221;1&#8243; fullwidth=&#8221;on&#8221; _builder_version=&#8221;4.24.3&#8243; _module_preset=&#8221;default&#8221; global_colors_info=&#8221;{}&#8221;][et_pb_fullwidth_header background_overlay_color=&#8221;rgba(0,0,0,0.3)&#8221; _builder_version=&#8221;4.25.1&#8243; _module_preset=&#8221;default&#8221; title_font=&#8221;Poppins|500|||||||&#8221; title_text_color=&#8221;#429461&#8243; title_font_size=&#8221;50px&#8221; content_font=&#8221;Poppins|300|||||||&#8221; content_text_color=&#8221;#FFFFFF&#8221; content_font_size=&#8221;32px&#8221; content_line_height=&#8221;1em&#8221; background_image=&#8221;https:\/\/axiphen.com\/wp-content\/uploads\/2024\/05\/aXichem_main_image.jpeg&#8221; min_height=&#8221;723px&#8221; custom_padding=&#8221;68px||0px|||&#8221; background_last_edited=&#8221;on|phone&#8221; background_image_phone=&#8221;https:\/\/axiphen.com\/wp-content\/uploads\/2024\/05\/axichem_axiphen.png&#8221; background_enable_image_phone=&#8221;on&#8221; parallax_phone=&#8221;off&#8221; background_size_phone=&#8221;cover&#8221; background_image_width_phone=&#8221;7%&#8221; background_image_height_phone=&#8221;21%&#8221; background_position_phone=&#8221;bottom_right&#8221; background_horizontal_offset_phone=&#8221;56%&#8221; background_vertical_offset_phone=&#8221;80%&#8221; background_repeat_phone=&#8221;repeat&#8221; global_colors_info=&#8221;{}&#8221;]<\/p>\n<h1 style=\"text-align: center;\"><\/h1>\n<h1 style=\"text-align: center;\"><\/h1>\n<h1 style=\"text-align: center;\"><span style=\"font-size: xx-large; color: #ffffff;\">Como podemos ajud\u00e1-lo?<\/span><\/h1>\n<p style=\"text-align: center;\"><span style=\"font-size: x-large; color: #ffffff;\">Teremos prazer em responder \u00e0s suas perguntas \u2013 sinta-se \u00e0 vontade para entrar em contato conosco!<\/span><\/p>\n<p>[\/et_pb_fullwidth_header][\/et_pb_section][et_pb_section fb_built=&#8221;1&#8243; _builder_version=&#8221;4.24.3&#8243; _module_preset=&#8221;default&#8221; custom_padding=&#8221;||0px|||&#8221; global_colors_info=&#8221;{}&#8221;][et_pb_row _builder_version=&#8221;4.24.3&#8243; _module_preset=&#8221;default&#8221; global_colors_info=&#8221;{}&#8221;][et_pb_column type=&#8221;4_4&#8243; _builder_version=&#8221;4.24.3&#8243; _module_preset=&#8221;default&#8221; global_colors_info=&#8221;{}&#8221;][et_pb_text _builder_version=&#8221;4.25.1&#8243; _module_preset=&#8221;default&#8221; text_text_color=&#8221;#000000&#8243; text_font_size=&#8221;18px&#8221; text_line_height=&#8221;1.9em&#8221; header_font=&#8221;Open Sans|300|||||||&#8221; header_text_color=&#8221;#000000&#8243; header_font_size=&#8221;31px&#8221; text_orientation=&#8221;center&#8221; global_colors_info=&#8221;{}&#8221;]<\/p>\n<p>Gostar\u00edamos muito de ouvir de voc\u00ea. Se tiver alguma d\u00favida ou quiser saber mais sobre o aXiphen e como ele pode ser usado para acrescentar benef\u00edcios ao seu produto, n\u00e3o hesite em entrar em contato conosco. <span><\/span>Voc\u00ea tamb\u00e9m pode entrar em contato com nossa equipe de vendas para todas as quest\u00f5es relacionadas a vendas de nossos produtos, solu\u00e7\u00f5es e ofertas de servi\u00e7os para o aXiphen no mercado de ra\u00e7\u00f5es.<\/p>\n<p><span><\/span><\/p>\n<p>[\/et_pb_text][\/et_pb_column][\/et_pb_row][\/et_pb_section][et_pb_section fb_built=&#8221;1&#8243; _builder_version=&#8221;4.25.1&#8243; _module_preset=&#8221;default&#8221; custom_padding=&#8221;42px|||||&#8221; global_colors_info=&#8221;{}&#8221;][et_pb_row _builder_version=&#8221;4.25.1&#8243; _module_preset=&#8221;default&#8221; global_colors_info=&#8221;{}&#8221;][et_pb_column type=&#8221;4_4&#8243; _builder_version=&#8221;4.25.1&#8243; _module_preset=&#8221;default&#8221; global_colors_info=&#8221;{}&#8221;][et_pb_contact_form email=&#8221;sofia.thente@adentity.se&#8221; title=&#8221;Basta preencher o formul\u00e1rio de contato abaixo e entraremos em contato o mais r\u00e1pido poss\u00edvel.&#8221; success_message=&#8221;Obrigado por entrar em contato conosco!&#8221; submit_button_text=&#8221;Mensagem&#8221; _builder_version=&#8221;4.25.1&#8243; _module_preset=&#8221;default&#8221; _unique_id=&#8221;90f5d8c6-3d24-475b-91b1-acae0d22491b&#8221; title_font=&#8221;&#8211;et_global_heading_font|300|||||||&#8221; title_text_color=&#8221;#429460&#8243; title_font_size=&#8221;23px&#8221; custom_button=&#8221;on&#8221; button_text_color=&#8221;#000000&#8243; button_border_width=&#8221;1px&#8221; button_font=&#8221;|300|||||||&#8221; global_colors_info=&#8221;{}&#8221;][et_pb_contact_field field_id=&#8221;Name&#8221; field_title=&#8221;Nome&#8221; _builder_version=&#8221;4.16&#8243; global_colors_info=&#8221;{}&#8221; button_text_size__hover_enabled=&#8221;off&#8221; button_one_text_size__hover_enabled=&#8221;off&#8221; button_two_text_size__hover_enabled=&#8221;off&#8221; button_text_color__hover_enabled=&#8221;off&#8221; button_one_text_color__hover_enabled=&#8221;off&#8221; button_two_text_color__hover_enabled=&#8221;off&#8221; button_border_width__hover_enabled=&#8221;off&#8221; button_one_border_width__hover_enabled=&#8221;off&#8221; button_two_border_width__hover_enabled=&#8221;off&#8221; button_border_color__hover_enabled=&#8221;off&#8221; button_one_border_color__hover_enabled=&#8221;off&#8221; button_two_border_color__hover_enabled=&#8221;off&#8221; button_border_radius__hover_enabled=&#8221;off&#8221; button_one_border_radius__hover_enabled=&#8221;off&#8221; button_two_border_radius__hover_enabled=&#8221;off&#8221; button_letter_spacing__hover_enabled=&#8221;off&#8221; button_one_letter_spacing__hover_enabled=&#8221;off&#8221; button_two_letter_spacing__hover_enabled=&#8221;off&#8221; button_bg_color__hover_enabled=&#8221;off&#8221; button_one_bg_color__hover_enabled=&#8221;off&#8221; button_two_bg_color__hover_enabled=&#8221;off&#8221;][\/et_pb_contact_field][et_pb_contact_field field_id=&#8221;Email&#8221; field_title=&#8221;Endere\u00e7o de e-mail&#8221; field_type=&#8221;email&#8221; _builder_version=&#8221;4.16&#8243; global_colors_info=&#8221;{}&#8221; button_text_size__hover_enabled=&#8221;off&#8221; button_one_text_size__hover_enabled=&#8221;off&#8221; button_two_text_size__hover_enabled=&#8221;off&#8221; button_text_color__hover_enabled=&#8221;off&#8221; button_one_text_color__hover_enabled=&#8221;off&#8221; button_two_text_color__hover_enabled=&#8221;off&#8221; button_border_width__hover_enabled=&#8221;off&#8221; button_one_border_width__hover_enabled=&#8221;off&#8221; button_two_border_width__hover_enabled=&#8221;off&#8221; button_border_color__hover_enabled=&#8221;off&#8221; button_one_border_color__hover_enabled=&#8221;off&#8221; button_two_border_color__hover_enabled=&#8221;off&#8221; button_border_radius__hover_enabled=&#8221;off&#8221; button_one_border_radius__hover_enabled=&#8221;off&#8221; button_two_border_radius__hover_enabled=&#8221;off&#8221; button_letter_spacing__hover_enabled=&#8221;off&#8221; button_one_letter_spacing__hover_enabled=&#8221;off&#8221; button_two_letter_spacing__hover_enabled=&#8221;off&#8221; button_bg_color__hover_enabled=&#8221;off&#8221; button_one_bg_color__hover_enabled=&#8221;off&#8221; button_two_bg_color__hover_enabled=&#8221;off&#8221;][\/et_pb_contact_field][et_pb_contact_field field_id=&#8221;Message&#8221; field_title=&#8221;Mensagem&#8221; field_type=&#8221;text&#8221; fullwidth_field=&#8221;on&#8221; _builder_version=&#8221;4.25.1&#8243; global_colors_info=&#8221;{}&#8221; button_text_size__hover_enabled=&#8221;off&#8221; button_one_text_size__hover_enabled=&#8221;off&#8221; button_two_text_size__hover_enabled=&#8221;off&#8221; button_text_color__hover_enabled=&#8221;off&#8221; button_one_text_color__hover_enabled=&#8221;off&#8221; button_two_text_color__hover_enabled=&#8221;off&#8221; button_border_width__hover_enabled=&#8221;off&#8221; button_one_border_width__hover_enabled=&#8221;off&#8221; button_two_border_width__hover_enabled=&#8221;off&#8221; button_border_color__hover_enabled=&#8221;off&#8221; button_one_border_color__hover_enabled=&#8221;off&#8221; button_two_border_color__hover_enabled=&#8221;off&#8221; button_border_radius__hover_enabled=&#8221;off&#8221; button_one_border_radius__hover_enabled=&#8221;off&#8221; button_two_border_radius__hover_enabled=&#8221;off&#8221; button_letter_spacing__hover_enabled=&#8221;off&#8221; button_one_letter_spacing__hover_enabled=&#8221;off&#8221; button_two_letter_spacing__hover_enabled=&#8221;off&#8221; button_bg_color__hover_enabled=&#8221;off&#8221; button_one_bg_color__hover_enabled=&#8221;off&#8221; button_two_bg_color__hover_enabled=&#8221;off&#8221;][\/et_pb_contact_field][\/et_pb_contact_form][\/et_pb_column][\/et_pb_row][\/et_pb_section]<\/p>\n","protected":false},"excerpt":{"rendered":"<p>Como podemos ajud\u00e1-lo? Teremos prazer em responder \u00e0s suas perguntas \u2013 sinta-se \u00e0 vontade para entrar em contato conosco!Gostar\u00edamos muito de ouvir de voc\u00ea. Se tiver alguma d\u00favida ou quiser saber mais sobre o aXiphen e como ele pode ser usado para acrescentar benef\u00edcios ao seu produto, n\u00e3o hesite em entrar em contato conosco. Voc\u00ea [&hellip;]<\/p>\n","protected":false},"author":2,"featured_media":0,"parent":0,"menu_order":0,"comment_status":"closed","ping_status":"closed","template":"","meta":{"_et_pb_use_builder":"on","_et_pb_old_content":"","_et_gb_content_width":"","footnotes":""},"class_list":["post-506","page","type-page","status-publish","hentry"],"_links":{"self":[{"href":"https:\/\/axiphen.com\/pt-br\/wp-json\/wp\/v2\/pages\/506","targetHints":{"allow":["GET"]}}],"collection":[{"href":"https:\/\/axiphen.com\/pt-br\/wp-json\/wp\/v2\/pages"}],"about":[{"href":"https:\/\/axiphen.com\/pt-br\/wp-json\/wp\/v2\/types\/page"}],"author":[{"embeddable":true,"href":"https:\/\/axiphen.com\/pt-br\/wp-json\/wp\/v2\/users\/2"}],"replies":[{"embeddable":true,"href":"https:\/\/axiphen.com\/pt-br\/wp-json\/wp\/v2\/comments?post=506"}],"version-history":[{"count":20,"href":"https:\/\/axiphen.com\/pt-br\/wp-json\/wp\/v2\/pages\/506\/revisions"}],"predecessor-version":[{"id":576,"href":"https:\/\/axiphen.com\/pt-br\/wp-json\/wp\/v2\/pages\/506\/revisions\/576"}],"wp:attachment":[{"href":"https:\/\/axiphen.com\/pt-br\/wp-json\/wp\/v2\/media?parent=506"}],"curies":[{"name":"wp","href":"https:\/\/api.w.org\/{rel}","templated":true}]}}